{"id":367,"date":"2021-10-24T20:28:39","date_gmt":"2021-10-24T20:28:39","guid":{"rendered":"https:\/\/bbsantos.pt\/p\/?page_id=367"},"modified":"2021-10-24T20:44:46","modified_gmt":"2021-10-24T20:44:46","slug":"fabrica","status":"publish","type":"page","link":"https:\/\/bbsantos.pt\/p\/index.php\/fabrica\/","title":{"rendered":"Fabrica"},"content":{"rendered":"\t\t<div data-elementor-type=\"wp-page\" data-elementor-id=\"367\" class=\"elementor elementor-367\">\n\t\t\t\t\t\t\t\t\t<section class=\"elementor-section elementor-top-section elementor-element elementor-element-ae235c3 elementor-section-boxed elementor-section-height-default elementor-section-height-default\" data-id=\"ae235c3\" data-element_type=\"section\">\n\t\t\t\t\t\t<div class=\"elementor-container elementor-column-gap-default\">\n\t\t\t\t\t<div class=\"elementor-column elementor-col-100 elementor-top-column elementor-element elementor-element-202be8c\" data-id=\"202be8c\" data-element_type=\"column\">\n\t\t\t<div class=\"elementor-widget-wrap elementor-element-populated\">\n\t\t\t\t\t\t\t\t<div class=\"elementor-element elementor-element-a60e145 elementor-widget elementor-widget-text-editor\" data-id=\"a60e145\" data-element_type=\"widget\" data-widget_type=\"text-editor.default\">\n\t\t\t\t<div class=\"elementor-widget-container\">\n\t\t\t<style>\/*! elementor - v3.13.3 - 28-05-2023 *\/\n.elementor-widget-text-editor.elementor-drop-cap-view-stacked .elementor-drop-cap{background-color:#69727d;color:#fff}.elementor-widget-text-editor.elementor-drop-cap-view-framed .elementor-drop-cap{color:#69727d;border:3px solid;background-color:transparent}.elementor-widget-text-editor:not(.elementor-drop-cap-view-default) .elementor-drop-cap{margin-top:8px}.elementor-widget-text-editor:not(.elementor-drop-cap-view-default) .elementor-drop-cap-letter{width:1em;height:1em}.elementor-widget-text-editor .elementor-drop-cap{float:left;text-align:center;line-height:1;font-size:50px}.elementor-widget-text-editor .elementor-drop-cap-letter{display:inline-block}<\/style>\t\t\t\t<br>\n<h1>Constru\u00e7\u00e3o Pr\u00e9-Fabricado<\/h1>\t\t\t\t\t\t<\/div>\n\t\t\t\t<\/div>\n\t\t\t\t\t<\/div>\n\t\t<\/div>\n\t\t\t\t\t\t\t<\/div>\n\t\t<\/section>\n\t\t\t\t<section class=\"elementor-section elementor-top-section elementor-element elementor-element-6fc0ca6 elementor-section-boxed elementor-section-height-default elementor-section-height-default\" data-id=\"6fc0ca6\" data-element_type=\"section\">\n\t\t\t\t\t\t<div class=\"elementor-container elementor-column-gap-default\">\n\t\t\t\t\t<div class=\"elementor-column elementor-col-100 elementor-top-column elementor-element elementor-element-1f473b7\" data-id=\"1f473b7\" data-element_type=\"column\">\n\t\t\t<div class=\"elementor-widget-wrap elementor-element-populated\">\n\t\t\t\t\t\t\t\t<div class=\"elementor-element elementor-element-712bb80 gallery-spacing-custom elementor-widget elementor-widget-image-gallery\" data-id=\"712bb80\" data-element_type=\"widget\" data-widget_type=\"image-gallery.default\">\n\t\t\t\t<div class=\"elementor-widget-container\">\n\t\t\t<style>\/*! elementor - v3.13.3 - 28-05-2023 *\/\n.elementor-image-gallery .gallery-item{display:inline-block;text-align:center;vertical-align:top;width:100%;max-width:100%;margin:0 auto}.elementor-image-gallery .gallery-item img{margin:0 auto}.elementor-image-gallery .gallery-item .gallery-caption{margin:0}.elementor-image-gallery figure img{display:block}.elementor-image-gallery figure figcaption{width:100%}.gallery-spacing-custom .elementor-image-gallery .gallery-icon{padding:0}@media (min-width:768px){.elementor-image-gallery .gallery-columns-2 .gallery-item{max-width:50%}.elementor-image-gallery .gallery-columns-3 .gallery-item{max-width:33.33%}.elementor-image-gallery .gallery-columns-4 .gallery-item{max-width:25%}.elementor-image-gallery .gallery-columns-5 .gallery-item{max-width:20%}.elementor-image-gallery .gallery-columns-6 .gallery-item{max-width:16.666%}.elementor-image-gallery .gallery-columns-7 .gallery-item{max-width:14.28%}.elementor-image-gallery .gallery-columns-8 .gallery-item{max-width:12.5%}.elementor-image-gallery .gallery-columns-9 .gallery-item{max-width:11.11%}.elementor-image-gallery .gallery-columns-10 .gallery-item{max-width:10%}}@media (min-width:480px) and (max-width:767px){.elementor-image-gallery .gallery.gallery-columns-2 .gallery-item,.elementor-image-gallery .gallery.gallery-columns-3 .gallery-item,.elementor-image-gallery .gallery.gallery-columns-4 .gallery-item,.elementor-image-gallery .gallery.gallery-columns-5 .gallery-item,.elementor-image-gallery .gallery.gallery-columns-6 .gallery-item,.elementor-image-gallery .gallery.gallery-columns-7 .gallery-item,.elementor-image-gallery .gallery.gallery-columns-8 .gallery-item,.elementor-image-gallery .gallery.gallery-columns-9 .gallery-item,.elementor-image-gallery .gallery.gallery-columns-10 .gallery-item{max-width:50%}}@media (max-width:479px){.elementor-image-gallery .gallery.gallery-columns-2 .gallery-item,.elementor-image-gallery .gallery.gallery-columns-3 .gallery-item,.elementor-image-gallery .gallery.gallery-columns-4 .gallery-item,.elementor-image-gallery .gallery.gallery-columns-5 .gallery-item,.elementor-image-gallery .gallery.gallery-columns-6 .gallery-item,.elementor-image-gallery .gallery.gallery-columns-7 .gallery-item,.elementor-image-gallery .gallery.gallery-columns-8 .gallery-item,.elementor-image-gallery .gallery.gallery-columns-9 .gallery-item,.elementor-image-gallery .gallery.gallery-columns-10 .gallery-item{max-width:100%}}<\/style>\t\t<div class=\"elementor-image-gallery\">\n\t\t\t<div id='gallery-1' class='gallery galleryid-367 gallery-columns-4 gallery-size-medium'><figure class='gallery-item'>\n\t\t\t<div class='gallery-icon landscape'>\n\t\t\t\t<a data-elementor-open-lightbox=\"yes\" data-elementor-lightbox-slideshow=\"712bb80\" data-e-action-hash=\"#elementor-action%3Aaction%3Dlightbox%26settings%3DeyJpZCI6Mzg2LCJ1cmwiOiJodHRwczpcL1wvYmJzYW50b3MucHRcL3BcL3dwLWNvbnRlbnRcL3VwbG9hZHNcLzIwMjFcLzEwXC9DYXJwaW50YXJpYTEtMTE1M3g3NjYtMS5qcGciLCJzbGlkZXNob3ciOiI3MTJiYjgwIn0%3D\" href='https:\/\/bbsantos.pt\/p\/wp-content\/uploads\/2021\/10\/Carpintaria1-1153x766-1.jpg'><img loading=\"lazy\" decoding=\"async\" width=\"300\" height=\"199\" src=\"https:\/\/bbsantos.pt\/p\/wp-content\/uploads\/2021\/10\/Carpintaria1-1153x766-1-300x199.jpg\" class=\"attachment-medium size-medium\" alt=\"\" srcset=\"https:\/\/bbsantos.pt\/p\/wp-content\/uploads\/2021\/10\/Carpintaria1-1153x766-1-300x199.jpg 300w, https:\/\/bbsantos.pt\/p\/wp-content\/uploads\/2021\/10\/Carpintaria1-1153x766-1-1024x680.jpg 1024w, https:\/\/bbsantos.pt\/p\/wp-content\/uploads\/2021\/10\/Carpintaria1-1153x766-1-768x510.jpg 768w, https:\/\/bbsantos.pt\/p\/wp-content\/uploads\/2021\/10\/Carpintaria1-1153x766-1.jpg 1153w\" sizes=\"auto, (max-width: 300px) 100vw, 300px\" \/><\/a>\n\t\t\t<\/div><\/figure><figure class='gallery-item'>\n\t\t\t<div class='gallery-icon landscape'>\n\t\t\t\t<a data-elementor-open-lightbox=\"yes\" data-elementor-lightbox-slideshow=\"712bb80\" data-e-action-hash=\"#elementor-action%3Aaction%3Dlightbox%26settings%3DeyJpZCI6Mzg3LCJ1cmwiOiJodHRwczpcL1wvYmJzYW50b3MucHRcL3BcL3dwLWNvbnRlbnRcL3VwbG9hZHNcLzIwMjFcLzEwXC9DYXJwaW50YXJpYTItMTE1M3g3NjYtMS5qcGciLCJzbGlkZXNob3ciOiI3MTJiYjgwIn0%3D\" href='https:\/\/bbsantos.pt\/p\/wp-content\/uploads\/2021\/10\/Carpintaria2-1153x766-1.jpg'><img loading=\"lazy\" decoding=\"async\" width=\"300\" height=\"199\" src=\"https:\/\/bbsantos.pt\/p\/wp-content\/uploads\/2021\/10\/Carpintaria2-1153x766-1-300x199.jpg\" class=\"attachment-medium size-medium\" alt=\"\" srcset=\"https:\/\/bbsantos.pt\/p\/wp-content\/uploads\/2021\/10\/Carpintaria2-1153x766-1-300x199.jpg 300w, https:\/\/bbsantos.pt\/p\/wp-content\/uploads\/2021\/10\/Carpintaria2-1153x766-1-1024x680.jpg 1024w, https:\/\/bbsantos.pt\/p\/wp-content\/uploads\/2021\/10\/Carpintaria2-1153x766-1-768x510.jpg 768w, https:\/\/bbsantos.pt\/p\/wp-content\/uploads\/2021\/10\/Carpintaria2-1153x766-1.jpg 1153w\" sizes=\"auto, (max-width: 300px) 100vw, 300px\" \/><\/a>\n\t\t\t<\/div><\/figure><figure class='gallery-item'>\n\t\t\t<div class='gallery-icon landscape'>\n\t\t\t\t<a data-elementor-open-lightbox=\"yes\" data-elementor-lightbox-slideshow=\"712bb80\" data-e-action-hash=\"#elementor-action%3Aaction%3Dlightbox%26settings%3DeyJpZCI6Mzg4LCJ1cmwiOiJodHRwczpcL1wvYmJzYW50b3MucHRcL3BcL3dwLWNvbnRlbnRcL3VwbG9hZHNcLzIwMjFcLzEwXC9DYXJwaW50YXJpYTMtMTE1M3g3NjYtMS5qcGciLCJzbGlkZXNob3ciOiI3MTJiYjgwIn0%3D\" href='https:\/\/bbsantos.pt\/p\/wp-content\/uploads\/2021\/10\/Carpintaria3-1153x766-1.jpg'><img loading=\"lazy\" decoding=\"async\" width=\"300\" height=\"199\" src=\"https:\/\/bbsantos.pt\/p\/wp-content\/uploads\/2021\/10\/Carpintaria3-1153x766-1-300x199.jpg\" class=\"attachment-medium size-medium\" alt=\"\" srcset=\"https:\/\/bbsantos.pt\/p\/wp-content\/uploads\/2021\/10\/Carpintaria3-1153x766-1-300x199.jpg 300w, https:\/\/bbsantos.pt\/p\/wp-content\/uploads\/2021\/10\/Carpintaria3-1153x766-1-1024x680.jpg 1024w, https:\/\/bbsantos.pt\/p\/wp-content\/uploads\/2021\/10\/Carpintaria3-1153x766-1-768x510.jpg 768w, https:\/\/bbsantos.pt\/p\/wp-content\/uploads\/2021\/10\/Carpintaria3-1153x766-1.jpg 1153w\" sizes=\"auto, (max-width: 300px) 100vw, 300px\" \/><\/a>\n\t\t\t<\/div><\/figure><figure class='gallery-item'>\n\t\t\t<div class='gallery-icon landscape'>\n\t\t\t\t<a data-elementor-open-lightbox=\"yes\" data-elementor-lightbox-slideshow=\"712bb80\" data-e-action-hash=\"#elementor-action%3Aaction%3Dlightbox%26settings%3DeyJpZCI6Mzg5LCJ1cmwiOiJodHRwczpcL1wvYmJzYW50b3MucHRcL3BcL3dwLWNvbnRlbnRcL3VwbG9hZHNcLzIwMjFcLzEwXC9DYXJwaW50YXJpYTQtMTE1M3g3NjYtMS5qcGciLCJzbGlkZXNob3ciOiI3MTJiYjgwIn0%3D\" href='https:\/\/bbsantos.pt\/p\/wp-content\/uploads\/2021\/10\/Carpintaria4-1153x766-1.jpg'><img loading=\"lazy\" decoding=\"async\" width=\"300\" height=\"199\" src=\"https:\/\/bbsantos.pt\/p\/wp-content\/uploads\/2021\/10\/Carpintaria4-1153x766-1-300x199.jpg\" class=\"attachment-medium size-medium\" alt=\"\" srcset=\"https:\/\/bbsantos.pt\/p\/wp-content\/uploads\/2021\/10\/Carpintaria4-1153x766-1-300x199.jpg 300w, https:\/\/bbsantos.pt\/p\/wp-content\/uploads\/2021\/10\/Carpintaria4-1153x766-1-1024x680.jpg 1024w, https:\/\/bbsantos.pt\/p\/wp-content\/uploads\/2021\/10\/Carpintaria4-1153x766-1-768x510.jpg 768w, https:\/\/bbsantos.pt\/p\/wp-content\/uploads\/2021\/10\/Carpintaria4-1153x766-1.jpg 1153w\" sizes=\"auto, (max-width: 300px) 100vw, 300px\" \/><\/a>\n\t\t\t<\/div><\/figure>\n\t\t<\/div>\n\t\t<\/div>\n\t\t\t\t<\/div>\n\t\t\t\t<\/div>\n\t\t\t\t\t<\/div>\n\t\t<\/div>\n\t\t\t\t\t\t\t<\/div>\n\t\t<\/section>\n\t\t\t\t<section class=\"elementor-section elementor-top-section elementor-element elementor-element-5d12e5c elementor-section-boxed elementor-section-height-default elementor-section-height-default\" data-id=\"5d12e5c\" data-element_type=\"section\">\n\t\t\t\t\t\t<div class=\"elementor-container elementor-column-gap-default\">\n\t\t\t\t\t<div class=\"elementor-column elementor-col-100 elementor-top-column elementor-element elementor-element-2557628\" data-id=\"2557628\" data-element_type=\"column\">\n\t\t\t<div class=\"elementor-widget-wrap elementor-element-populated\">\n\t\t\t\t\t\t\t\t<div class=\"elementor-element elementor-element-30d3909 elementor-widget elementor-widget-text-editor\" data-id=\"30d3909\" data-element_type=\"widget\" data-widget_type=\"text-editor.default\">\n\t\t\t\t<div class=\"elementor-widget-container\">\n\t\t\t\t\t\t\t<br><br><br><br><br><br><br><br><br><br><br><br><br><br><br><br>\t\t\t\t\t\t<\/div>\n\t\t\t\t<\/div>\n\t\t\t\t\t<\/div>\n\t\t<\/div>\n\t\t\t\t\t\t\t<\/div>\n\t\t<\/section>\n\t\t\t\t\t\t\t<\/div>\n\t\t","protected":false},"excerpt":{"rendered":"<p>Constru\u00e7\u00e3o Pr\u00e9-Fabricado<\/p>\n","protected":false},"author":1,"featured_media":0,"parent":0,"menu_order":0,"comment_status":"closed","ping_status":"closed","template":"","meta":{"site-sidebar-layout":"no-sidebar","site-content-layout":"page-builder","ast-global-header-display":"","ast-banner-title-visibility":"","ast-main-header-display":"","ast-hfb-above-header-display":"","ast-hfb-below-header-display":"","ast-hfb-mobile-header-display":"","site-post-title":"disabled","ast-breadcrumbs-content":"","ast-featured-img":"disabled","footer-sml-layout":"","theme-transparent-header-meta":"default","adv-header-id-meta":"","stick-header-meta":"","header-above-stick-meta":"","header-main-stick-meta":"","header-below-stick-meta":"","footnotes":""},"class_list":["post-367","page","type-page","status-publish","hentry"],"_links":{"self":[{"href":"https:\/\/bbsantos.pt\/p\/index.php\/wp-json\/wp\/v2\/pages\/367","targetHints":{"allow":["GET"]}}],"collection":[{"href":"https:\/\/bbsantos.pt\/p\/index.php\/wp-json\/wp\/v2\/pages"}],"about":[{"href":"https:\/\/bbsantos.pt\/p\/index.php\/wp-json\/wp\/v2\/types\/page"}],"author":[{"embeddable":true,"href":"https:\/\/bbsantos.pt\/p\/index.php\/wp-json\/wp\/v2\/users\/1"}],"replies":[{"embeddable":true,"href":"https:\/\/bbsantos.pt\/p\/index.php\/wp-json\/wp\/v2\/comments?post=367"}],"version-history":[{"count":16,"href":"https:\/\/bbsantos.pt\/p\/index.php\/wp-json\/wp\/v2\/pages\/367\/revisions"}],"predecessor-version":[{"id":398,"href":"https:\/\/bbsantos.pt\/p\/index.php\/wp-json\/wp\/v2\/pages\/367\/revisions\/398"}],"wp:attachment":[{"href":"https:\/\/bbsantos.pt\/p\/index.php\/wp-json\/wp\/v2\/media?parent=367"}],"curies":[{"name":"wp","href":"https:\/\/api.w.org\/{rel}","templated":true}]}}